{"id":2390,"date":"2023-11-08T14:16:16","date_gmt":"2023-11-08T12:16:16","guid":{"rendered":"https:\/\/www.opiskelijakuntakamo.fi\/en\/?page_id=2390"},"modified":"2023-11-08T16:22:09","modified_gmt":"2023-11-08T14:22:09","slug":"results","status":"publish","type":"page","link":"https:\/\/www.opiskelijakuntakamo.fi\/en\/results\/","title":{"rendered":"Results"},"content":{"rendered":"\t\t<div data-elementor-type=\"wp-page\" data-elementor-id=\"2390\" class=\"elementor elementor-2390\">\n\t\t\t\t\t\t\t\t\t<section class=\"elementor-section elementor-top-section elementor-element elementor-element-8a94fe9 elementor-section-boxed elementor-section-height-default elementor-section-height-default\" data-id=\"8a94fe9\" data-element_type=\"section\">\n\t\t\t\t\t\t<div class=\"elementor-container elementor-column-gap-default\">\n\t\t\t\t\t<div class=\"elementor-column elementor-col-100 elementor-top-column elementor-element elementor-element-bbc92dd\" data-id=\"bbc92dd\" data-element_type=\"column\">\n\t\t\t<div class=\"elementor-widget-wrap elementor-element-populated\">\n\t\t\t\t\t\t\t\t<div class=\"elementor-element elementor-element-80f8330 elementor-widget elementor-widget-text-editor\" data-id=\"80f8330\" data-element_type=\"widget\" data-widget_type=\"text-editor.default\">\n\t\t\t\t<div class=\"elementor-widget-container\">\n\t\t\t<style>\/*! elementor - v3.10.1 - 17-01-2023 *\/\n.elementor-widget-text-editor.elementor-drop-cap-view-stacked .elementor-drop-cap{background-color:#818a91;color:#fff}.elementor-widget-text-editor.elementor-drop-cap-view-framed .elementor-drop-cap{color:#818a91;border:3px solid;background-color:transparent}.elementor-widget-text-editor:not(.elementor-drop-cap-view-default) .elementor-drop-cap{margin-top:8px}.elementor-widget-text-editor:not(.elementor-drop-cap-view-default) .elementor-drop-cap-letter{width:1em;height:1em}.elementor-widget-text-editor .elementor-drop-cap{float:left;text-align:center;line-height:1;font-size:50px}.elementor-widget-text-editor .elementor-drop-cap-letter{display:inline-block}<\/style>\t\t\t\t<h4><strong>Results of the Student Council election 2023<\/strong><\/h4>\t\t\t\t\t\t<\/div>\n\t\t\t\t<\/div>\n\t\t\t\t\t<\/div>\n\t\t<\/div>\n\t\t\t\t\t\t\t<\/div>\n\t\t<\/section>\n\t\t\t\t<section class=\"elementor-section elementor-top-section elementor-element elementor-element-803a18d elementor-section-boxed elementor-section-height-default elementor-section-height-default\" data-id=\"803a18d\" data-element_type=\"section\">\n\t\t\t\t\t\t<div class=\"elementor-container elementor-column-gap-default\">\n\t\t\t\t\t<div class=\"elementor-column elementor-col-33 elementor-top-column elementor-element elementor-element-b58ee8b\" data-id=\"b58ee8b\" data-element_type=\"column\">\n\t\t\t<div class=\"elementor-widget-wrap elementor-element-populated\">\n\t\t\t\t\t\t\t\t<div class=\"elementor-element elementor-element-8b364ac elementor-widget elementor-widget-text-editor\" data-id=\"8b364ac\" data-element_type=\"widget\" data-widget_type=\"text-editor.default\">\n\t\t\t\t<div class=\"elementor-widget-container\">\n\t\t\t\t\t\t\t<h5>Name<\/h5><div>9 Karjalainen Saara<\/div><div>4 Kiimalainen Nino<\/div><div>23 Sinkkonen Roope<\/div><div>14 Hirvonen Tatu<\/div><div>8 Huotari Patrik<\/div><div>5 Kokkonen Vilma<\/div><div>21 Simolin Sonja<\/div><div>17 Kotam\u00e4ki Valtteri<\/div><div>11 Koistinen Essi<\/div><div>6 Sallila Miro<\/div><div>16 Koskinen Lotta<\/div><div>12 Kyll\u00f6nen Anni<\/div><div>2 Heikkinen Nea<\/div><div>19 Hyv\u00e4rinen Juho<\/div><div>18 Sepp\u00e4nen Kimi<\/div><div>10 Kinnunen Veera<\/div><div>7 Tanskanen Joonas<\/div><div>15 Ik\u00e4valko Oskari<\/div><div>13 Saastamoinen Joni<\/div><div>3 H\u00e4kkinen Kaapo<\/div><div>20 Niskanen Taneli<\/div><div>\u00a0<\/div><h5>KAMO&#8217;s Student Council 2024 \/ alternates<\/h5><p>22 Suomela Eetu<br \/>24 Toivonen Tomi<\/p>\t\t\t\t\t\t<\/div>\n\t\t\t\t<\/div>\n\t\t\t\t\t<\/div>\n\t\t<\/div>\n\t\t\t\t<div class=\"elementor-column elementor-col-33 elementor-top-column elementor-element elementor-element-3e98843\" data-id=\"3e98843\" data-element_type=\"column\">\n\t\t\t<div class=\"elementor-widget-wrap elementor-element-populated\">\n\t\t\t\t\t\t\t\t<div class=\"elementor-element elementor-element-4eb6e1b elementor-widget elementor-widget-text-editor\" data-id=\"4eb6e1b\" data-element_type=\"widget\" data-widget_type=\"text-editor.default\">\n\t\t\t\t<div class=\"elementor-widget-container\">\n\t\t\t\t\t\t\t<h5><strong>Number of votes<\/strong><\/h5>\n<div><strong>8<\/strong><br><strong>8<\/strong><br><strong>22<\/strong><br><strong>8<\/strong><br><strong>7<\/strong><br><strong>4<\/strong><br><strong>7<\/strong><br><strong>11<\/strong><br><strong>6<\/strong><br><strong>4<\/strong><br><strong>4<\/strong><br><strong>2<\/strong><br><strong>4<\/strong><br><strong>3<\/strong><br><strong>0<\/strong><br><strong>2<\/strong><br><strong>3<\/strong><br><strong>2<\/strong><br><strong>1<\/strong><br><strong>2<\/strong><br><strong>2<\/strong><\/div>\n<div><strong>&nbsp;<\/strong><\/div>\n<p><\/p>\n<p><strong style=\"font-size: 15px; color: var( --e-global-color-text );\"><br>0<br><\/strong><strong style=\"font-size: 15px; color: var( --e-global-color-text );\">2<\/strong><\/p>\t\t\t\t\t\t<\/div>\n\t\t\t\t<\/div>\n\t\t\t\t\t<\/div>\n\t\t<\/div>\n\t\t\t\t<div class=\"elementor-column elementor-col-33 elementor-top-column elementor-element elementor-element-19c6393\" data-id=\"19c6393\" data-element_type=\"column\">\n\t\t\t<div class=\"elementor-widget-wrap elementor-element-populated\">\n\t\t\t\t\t\t\t\t<div class=\"elementor-element elementor-element-346a42a elementor-widget elementor-widget-text-editor\" data-id=\"346a42a\" data-element_type=\"widget\" data-widget_type=\"text-editor.default\">\n\t\t\t\t<div class=\"elementor-widget-container\">\n\t\t\t\t\t\t\t<h5><strong>Reference number<\/strong><\/h5><div><strong>26,000<br \/><\/strong><strong>25,000<br \/>22,000<br \/>14,000<br \/>13,000<br \/>12,500<br \/>12,000<br \/>11,000<br \/>8,667<br \/>8,333<br \/>7,000<br \/>6,500<br \/>6,250<br \/>6,000<br \/>5,500<br \/>5,200<br \/>4,667<br \/>4,333<br \/>4,167<br \/>4,000<br \/><br \/><\/strong><\/div><div>\u00a0<\/div><div>\u00a0<\/div><div>\u00a0<\/div><div><strong>3,000<\/strong><br \/><strong>2,000<\/strong><\/div>\t\t\t\t\t\t<\/div>\n\t\t\t\t<\/div>\n\t\t\t\t\t<\/div>\n\t\t<\/div>\n\t\t\t\t\t\t\t<\/div>\n\t\t<\/section>\n\t\t\t\t\t\t\t<\/div>\n\t\t","protected":false},"excerpt":{"rendered":"<p>Results of the Student Council election 2023 Name 9 Karjalainen Saara4 Kiimalainen Nino23 Sinkkonen Roope14 Hirvonen Tatu8 Huotari Patrik5 Kokkonen Vilma21 Simolin Sonja17 Kotam\u00e4ki Valtteri11 Koistinen Essi6 Sallila Miro16 Koskinen Lotta12 Kyll\u00f6nen Anni2 Heikkinen Nea19 Hyv\u00e4rinen Juho18 Sepp\u00e4nen Kimi10 Kinnunen Veera7 Tanskanen Joonas15 Ik\u00e4valko Oskari13 Saastamoinen Joni3 H\u00e4kkinen Kaapo20 Niskanen Taneli\u00a0 KAMO&#8217;s Student Council 2024 <a class=\"read-more\" href=\"https:\/\/www.opiskelijakuntakamo.fi\/en\/results\/\">Read more&#8230;<\/a><\/p>\n","protected":false},"author":1,"featured_media":0,"parent":0,"menu_order":0,"comment_status":"closed","ping_status":"closed","template":"","meta":{"ub_ctt_via":"","_mc_calendar":[]},"featured_image_src":null,"yoast_head":"<!-- This site is optimized with the Yoast SEO plugin v19.11 - https:\/\/yoast.com\/wordpress\/plugins\/seo\/ -->\n<title>Results - Student Union KAMO<\/title>\n<meta name=\"robots\" content=\"index, follow, max-snippet:-1, max-image-preview:large, max-video-preview:-1\" \/>\n<link rel=\"canonical\" href=\"https:\/\/www.opiskelijakuntakamo.fi\/en\/results\/\" \/>\n<meta property=\"og:locale\" content=\"en_GB\" \/>\n<meta property=\"og:type\" content=\"article\" \/>\n<meta property=\"og:title\" content=\"Results - Student Union KAMO\" \/>\n<meta property=\"og:description\" content=\"Results of the Student Council election 2023 Name 9 Karjalainen Saara4 Kiimalainen Nino23 Sinkkonen Roope14 Hirvonen Tatu8 Huotari Patrik5 Kokkonen Vilma21 Simolin Sonja17 Kotam\u00e4ki Valtteri11 Koistinen Essi6 Sallila Miro16 Koskinen Lotta12 Kyll\u00f6nen Anni2 Heikkinen Nea19 Hyv\u00e4rinen Juho18 Sepp\u00e4nen Kimi10 Kinnunen Veera7 Tanskanen Joonas15 Ik\u00e4valko Oskari13 Saastamoinen Joni3 H\u00e4kkinen Kaapo20 Niskanen Taneli\u00a0 KAMO&#8217;s Student Council 2024 Read more...\" \/>\n<meta property=\"og:url\" content=\"https:\/\/www.opiskelijakuntakamo.fi\/en\/results\/\" \/>\n<meta property=\"og:site_name\" content=\"Student Union KAMO\" \/>\n<meta property=\"article:modified_time\" content=\"2023-11-08T14:22:09+00:00\" \/>\n<meta name=\"twitter:card\" content=\"summary_large_image\" \/>\n<meta name=\"twitter:label1\" content=\"Estimated reading time\" \/>\n\t<meta name=\"twitter:data1\" content=\"1 minute\" \/>\n<script type=\"application\/ld+json\" class=\"yoast-schema-graph\">{\"@context\":\"https:\/\/schema.org\",\"@graph\":[{\"@type\":\"WebPage\",\"@id\":\"https:\/\/www.opiskelijakuntakamo.fi\/en\/results\/\",\"url\":\"https:\/\/www.opiskelijakuntakamo.fi\/en\/results\/\",\"name\":\"Results - Student Union KAMO\",\"isPartOf\":{\"@id\":\"https:\/\/www.opiskelijakuntakamo.fi\/en\/#website\"},\"datePublished\":\"2023-11-08T12:16:16+00:00\",\"dateModified\":\"2023-11-08T14:22:09+00:00\",\"breadcrumb\":{\"@id\":\"https:\/\/www.opiskelijakuntakamo.fi\/en\/results\/#breadcrumb\"},\"inLanguage\":\"en-GB\",\"potentialAction\":[{\"@type\":\"ReadAction\",\"target\":[\"https:\/\/www.opiskelijakuntakamo.fi\/en\/results\/\"]}]},{\"@type\":\"BreadcrumbList\",\"@id\":\"https:\/\/www.opiskelijakuntakamo.fi\/en\/results\/#breadcrumb\",\"itemListElement\":[{\"@type\":\"ListItem\",\"position\":1,\"name\":\"Home\",\"item\":\"https:\/\/www.opiskelijakuntakamo.fi\/en\/\"},{\"@type\":\"ListItem\",\"position\":2,\"name\":\"Results\"}]},{\"@type\":\"WebSite\",\"@id\":\"https:\/\/www.opiskelijakuntakamo.fi\/en\/#website\",\"url\":\"https:\/\/www.opiskelijakuntakamo.fi\/en\/\",\"name\":\"Student Union KAMO\",\"description\":\"Student Union of Kajaani University of Applied Sciences\",\"publisher\":{\"@id\":\"https:\/\/www.opiskelijakuntakamo.fi\/en\/#organization\"},\"potentialAction\":[{\"@type\":\"SearchAction\",\"target\":{\"@type\":\"EntryPoint\",\"urlTemplate\":\"https:\/\/www.opiskelijakuntakamo.fi\/en\/?s={search_term_string}\"},\"query-input\":\"required name=search_term_string\"}],\"inLanguage\":\"en-GB\"},{\"@type\":\"Organization\",\"@id\":\"https:\/\/www.opiskelijakuntakamo.fi\/en\/#organization\",\"name\":\"Student Union KAMO\",\"url\":\"https:\/\/www.opiskelijakuntakamo.fi\/en\/\",\"logo\":{\"@type\":\"ImageObject\",\"inLanguage\":\"en-GB\",\"@id\":\"https:\/\/www.opiskelijakuntakamo.fi\/en\/#\/schema\/logo\/image\/\",\"url\":\"https:\/\/www.opiskelijakuntakamo.fi\/en\/wp-content\/uploads\/sites\/2\/2021\/08\/cropped-admin-ajax.jpg\",\"contentUrl\":\"https:\/\/www.opiskelijakuntakamo.fi\/en\/wp-content\/uploads\/sites\/2\/2021\/08\/cropped-admin-ajax.jpg\",\"width\":145,\"height\":145,\"caption\":\"Student Union KAMO\"},\"image\":{\"@id\":\"https:\/\/www.opiskelijakuntakamo.fi\/en\/#\/schema\/logo\/image\/\"}}]}<\/script>\n<!-- \/ Yoast SEO plugin. -->","yoast_head_json":{"title":"Results - Student Union KAMO","robots":{"index":"index","follow":"follow","max-snippet":"max-snippet:-1","max-image-preview":"max-image-preview:large","max-video-preview":"max-video-preview:-1"},"canonical":"https:\/\/www.opiskelijakuntakamo.fi\/en\/results\/","og_locale":"en_GB","og_type":"article","og_title":"Results - Student Union KAMO","og_description":"Results of the Student Council election 2023 Name 9 Karjalainen Saara4 Kiimalainen Nino23 Sinkkonen Roope14 Hirvonen Tatu8 Huotari Patrik5 Kokkonen Vilma21 Simolin Sonja17 Kotam\u00e4ki Valtteri11 Koistinen Essi6 Sallila Miro16 Koskinen Lotta12 Kyll\u00f6nen Anni2 Heikkinen Nea19 Hyv\u00e4rinen Juho18 Sepp\u00e4nen Kimi10 Kinnunen Veera7 Tanskanen Joonas15 Ik\u00e4valko Oskari13 Saastamoinen Joni3 H\u00e4kkinen Kaapo20 Niskanen Taneli\u00a0 KAMO&#8217;s Student Council 2024 Read more...","og_url":"https:\/\/www.opiskelijakuntakamo.fi\/en\/results\/","og_site_name":"Student Union KAMO","article_modified_time":"2023-11-08T14:22:09+00:00","twitter_card":"summary_large_image","twitter_misc":{"Estimated reading time":"1 minute"},"schema":{"@context":"https:\/\/schema.org","@graph":[{"@type":"WebPage","@id":"https:\/\/www.opiskelijakuntakamo.fi\/en\/results\/","url":"https:\/\/www.opiskelijakuntakamo.fi\/en\/results\/","name":"Results - Student Union KAMO","isPartOf":{"@id":"https:\/\/www.opiskelijakuntakamo.fi\/en\/#website"},"datePublished":"2023-11-08T12:16:16+00:00","dateModified":"2023-11-08T14:22:09+00:00","breadcrumb":{"@id":"https:\/\/www.opiskelijakuntakamo.fi\/en\/results\/#breadcrumb"},"inLanguage":"en-GB","potentialAction":[{"@type":"ReadAction","target":["https:\/\/www.opiskelijakuntakamo.fi\/en\/results\/"]}]},{"@type":"BreadcrumbList","@id":"https:\/\/www.opiskelijakuntakamo.fi\/en\/results\/#breadcrumb","itemListElement":[{"@type":"ListItem","position":1,"name":"Home","item":"https:\/\/www.opiskelijakuntakamo.fi\/en\/"},{"@type":"ListItem","position":2,"name":"Results"}]},{"@type":"WebSite","@id":"https:\/\/www.opiskelijakuntakamo.fi\/en\/#website","url":"https:\/\/www.opiskelijakuntakamo.fi\/en\/","name":"Student Union KAMO","description":"Student Union of Kajaani University of Applied Sciences","publisher":{"@id":"https:\/\/www.opiskelijakuntakamo.fi\/en\/#organization"},"potentialAction":[{"@type":"SearchAction","target":{"@type":"EntryPoint","urlTemplate":"https:\/\/www.opiskelijakuntakamo.fi\/en\/?s={search_term_string}"},"query-input":"required name=search_term_string"}],"inLanguage":"en-GB"},{"@type":"Organization","@id":"https:\/\/www.opiskelijakuntakamo.fi\/en\/#organization","name":"Student Union KAMO","url":"https:\/\/www.opiskelijakuntakamo.fi\/en\/","logo":{"@type":"ImageObject","inLanguage":"en-GB","@id":"https:\/\/www.opiskelijakuntakamo.fi\/en\/#\/schema\/logo\/image\/","url":"https:\/\/www.opiskelijakuntakamo.fi\/en\/wp-content\/uploads\/sites\/2\/2021\/08\/cropped-admin-ajax.jpg","contentUrl":"https:\/\/www.opiskelijakuntakamo.fi\/en\/wp-content\/uploads\/sites\/2\/2021\/08\/cropped-admin-ajax.jpg","width":145,"height":145,"caption":"Student Union KAMO"},"image":{"@id":"https:\/\/www.opiskelijakuntakamo.fi\/en\/#\/schema\/logo\/image\/"}}]}},"_links":{"self":[{"href":"https:\/\/www.opiskelijakuntakamo.fi\/en\/wp-json\/wp\/v2\/pages\/2390"}],"collection":[{"href":"https:\/\/www.opiskelijakuntakamo.fi\/en\/wp-json\/wp\/v2\/pages"}],"about":[{"href":"https:\/\/www.opiskelijakuntakamo.fi\/en\/wp-json\/wp\/v2\/types\/page"}],"author":[{"embeddable":true,"href":"https:\/\/www.opiskelijakuntakamo.fi\/en\/wp-json\/wp\/v2\/users\/1"}],"replies":[{"embeddable":true,"href":"https:\/\/www.opiskelijakuntakamo.fi\/en\/wp-json\/wp\/v2\/comments?post=2390"}],"version-history":[{"count":7,"href":"https:\/\/www.opiskelijakuntakamo.fi\/en\/wp-json\/wp\/v2\/pages\/2390\/revisions"}],"predecessor-version":[{"id":2399,"href":"https:\/\/www.opiskelijakuntakamo.fi\/en\/wp-json\/wp\/v2\/pages\/2390\/revisions\/2399"}],"wp:attachment":[{"href":"https:\/\/www.opiskelijakuntakamo.fi\/en\/wp-json\/wp\/v2\/media?parent=2390"}],"curies":[{"name":"wp","href":"https:\/\/api.w.org\/{rel}","templated":true}]}}